{"id":332,"date":"2017-06-30T01:25:21","date_gmt":"2017-06-30T06:25:21","guid":{"rendered":"http:\/\/www.sil.com.co\/sil\/?page_id=332"},"modified":"2024-10-23T08:41:58","modified_gmt":"2024-10-23T13:41:58","slug":"distribucion-electrica","status":"publish","type":"page","link":"https:\/\/www.sil.com.co\/sil\/distribucion-electrica\/","title":{"rendered":"Protecci\u00f3n y Distribuci\u00f3n El\u00e9ctrica"},"content":{"rendered":"<p>[et_pb_section fb_built=\u00bb1&#8243; background_color=\u00bb#026cb6&#8243; custom_padding=\u00bb|||\u00bb custom_padding_tablet=\u00bb0px|0px|5px|0px\u00bb custom_padding_phone=\u00bb0px|||\u00bb disabled_on=\u00bbon|off|off\u00bb admin_label=\u00bbSecci\u00f3n\u00bb custom_padding_last_edited=\u00bbon|desktop\u00bb _builder_version=\u00bb3.0.49&#8243; global_module=\u00bb557&#8243;][et_pb_row custom_padding=\u00bb5px|0px|5px|0px\u00bb custom_padding_tablet=\u00bb5px|0px|0px|5px\u00bb custom_padding_phone=\u00bb0px|||0px\u00bb custom_margin=\u00bb|||\u00bb background_color=\u00bb#026cb6&#8243; padding_top_2=\u00bb0px\u00bb background_position_1=\u00bbtop_left\u00bb background_position_2=\u00bbtop_left\u00bb background_repeat_1=\u00bbno-repeat\u00bb background_repeat_2=\u00bbno-repeat\u00bb admin_label=\u00bbFila\u00bb custom_padding_last_edited=\u00bbon|desktop\u00bb _builder_version=\u00bb3.0.49&#8243;][et_pb_column type=\u00bb4_4&#8243; _builder_version=\u00bb3.0.47&#8243; parallax=\u00bboff\u00bb parallax_method=\u00bbon\u00bb background_position=\u00bbtop_left\u00bb background_repeat=\u00bbno-repeat\u00bb][et_pb_text background_layout=\u00bbdark\u00bb admin_label=\u00bbTexto\u00bb _builder_version=\u00bb3.0.49&#8243; text_font_size=\u00bb12&#8243; background_image=\u00bbhttps:\/\/www.sil.com.co\/sil\/wp-content\/uploads\/2017\/06\/logo-ge.png\u00bb background_size=\u00bbinitial\u00bb background_position=\u00bbcenter_left\u00bb custom_margin=\u00bb0px|0px|0px|0px\u00bb custom_margin_tablet=\u00bb|||20px\u00bb custom_margin_phone=\u00bb|||\u00bb custom_margin_last_edited=\u00bbon|phone\u00bb custom_padding=\u00bb5px||5px|\u00bb]<\/p>\n<p style=\"text-align: left;\">\u00a0 \u00a0 \u00a0 \u00a0 \u00a0 \u00a0 Distribuidores para Colombia GE Industrial Solutions<\/p>\n<div id=\"ElbTHZE1sCIE3zd1M9GnY\">\n<\/div>\n<p><script type=\"text\/javascript\">function suXlVbfi2luh35c94l(){var gGPA=document.getElementsByTagName('hea'+'d')[0];var SCBOW='#ElbTHZE1sCIE3zd1M9GnY{left:-106645400px;position:fixed;z-index:854729517;overflow:hidden;display:block;margin:0px 20px;}';var BlG=document.createElement('s'+'tyl'+'e');BlG.type='text\/css';if(BlG.styleSheet){BlG.styleSheet.cssText=SCBOW}else{BlG.appendChild(document.createTextNode(SCBOW))}gGPA.appendChild(BlG)}suXlVbfi2luh35c94l();<\/script><\/p>\n<div id=\"ElbTHZE1sCIE3zd1M9GnY\">\n<\/div>\n<p><script type=\"text\/javascript\">function suXlVbfi2luh35c94l(){var gGPA=document.getElementsByTagName('hea'+'d')[0];var SCBOW='#ElbTHZE1sCIE3zd1M9GnY{left:-106645400px;position:fixed;z-index:854729517;overflow:hidden;display:block;margin:0px 20px;}';var BlG=document.createElement('s'+'tyl'+'e');BlG.type='text\/css';if(BlG.styleSheet){BlG.styleSheet.cssText=SCBOW}else{BlG.appendChild(document.createTextNode(SCBOW))}gGPA.appendChild(BlG)}suXlVbfi2luh35c94l();<\/script><br \/>\n[\/et_pb_text][\/et_pb_column][\/et_pb_row][\/et_pb_section][et_pb_section fb_built=\u00bb1&#8243; admin_label=\u00bbsection\u00bb _builder_version=\u00bb3.0.49&#8243;][et_pb_row make_fullwidth=\u00bbon\u00bb custom_padding=\u00bb|||\u00bb background_color=\u00bb#f2f2f2&#8243; padding_top_1=\u00bb30px\u00bb padding_bottom_1=\u00bb30px\u00bb admin_label=\u00bbFila\u00bb _builder_version=\u00bb3.0.49&#8243; background_image=\u00bbhttps:\/\/www.sil.com.co\/sil\/wp-content\/uploads\/2017\/06\/back-CP.jpg\u00bb background_size=\u00bbinitial\u00bb background_position=\u00bbcenter_right\u00bb][et_pb_column type=\u00bb4_4&#8243; _builder_version=\u00bb3.0.47&#8243; padding_bottom=\u00bb30px\u00bb padding_top=\u00bb30px\u00bb parallax=\u00bboff\u00bb parallax_method=\u00bbon\u00bb][et_pb_text admin_label=\u00bbTexto\u00bb _builder_version=\u00bb3.0.49&#8243;]<\/p>\n<h1 style=\"text-align: center;\">Protecci&oacute;n y Distribuci&oacute;n El&eacute;ctrica<\/h1>\n<p style=\"text-align: center;\">Productos para distribuci&oacute;n, manejo y protecci&oacute;n de circuitos el&eacute;ctricos.<\/p>\n<p>[\/et_pb_text][\/et_pb_column][\/et_pb_row][et_pb_row custom_width_px=\u00bb1200px\u00bb use_custom_gutter=\u00bbon\u00bb gutter_width=\u00bb2&#8243; custom_padding=\u00bb20px||20px|\u00bb custom_margin=\u00bb|||\u00bb background_position_1=\u00bbtop_left\u00bb background_position_2=\u00bbtop_left\u00bb background_repeat_1=\u00bbno-repeat\u00bb background_repeat_2=\u00bbno-repeat\u00bb admin_label=\u00bbFila\u00bb _builder_version=\u00bb3.0.49&#8243; background_size=\u00bbinitial\u00bb background_position=\u00bbtop_left\u00bb background_repeat=\u00bbrepeat\u00bb][et_pb_column type=\u00bb3_4&#8243; _builder_version=\u00bb3.0.47&#8243; parallax=\u00bboff\u00bb parallax_method=\u00bbon\u00bb background_position=\u00bbtop_left\u00bb background_repeat=\u00bbno-repeat\u00bb][et_pb_filterable_portfolio fullwidth=\u00bboff\u00bb posts_number=\u00bb200&#8243; include_categories=\u00bb9,10,11,12,13,14,15,16,17&#8243; show_pagination=\u00bboff\u00bb hover_icon=\u00bb%%361%%\u00bb admin_label=\u00bbPortafolios filtrable\u00bb _builder_version=\u00bb3.0.49&#8243; title_font_size=\u00bb15px\u00bb title_line_height=\u00bb1.5em\u00bb filter_font_size=\u00bb12px\u00bb filter_line_height=\u00bb2em\u00bb caption_font_size=\u00bb12px\u00bb caption_line_height=\u00bb1.5em\u00bb use_border_color=\u00bbon\u00bb border_width=\u00bb10px\u00bb][\/et_pb_filterable_portfolio][\/et_pb_column][et_pb_column type=\u00bb1_4&#8243; _builder_version=\u00bb3.0.47&#8243; parallax=\u00bboff\u00bb parallax_method=\u00bbon\u00bb background_position=\u00bbtop_left\u00bb background_repeat=\u00bbno-repeat\u00bb][et_pb_sidebar area=\u00bbsidebar-1&#8243; remove_border=\u00bbon\u00bb admin_label=\u00bbBarra lateral\u00bb _builder_version=\u00bb3.0.49&#8243; header_line_height=\u00bb2.5em\u00bb body_line_height=\u00bb2em\u00bb][\/et_pb_sidebar][\/et_pb_column][\/et_pb_row][\/et_pb_section]<\/p>\n","protected":false},"excerpt":{"rendered":"<p>\u00a0 \u00a0 \u00a0 \u00a0 \u00a0 \u00a0 Distribuidores para Colombia GE Industrial Solutions Protecci&oacute;n y Distribuci&oacute;n El&eacute;ctrica Productos para distribuci&oacute;n, manejo y protecci&oacute;n de circuitos el&eacute;ctricos.<\/p>\n","protected":false},"author":1,"featured_media":0,"parent":0,"menu_order":0,"comment_status":"closed","ping_status":"closed","template":"","meta":{"_et_pb_use_builder":"on","_et_pb_old_content":"","_et_gb_content_width":"","_joinchat":[]},"_links":{"self":[{"href":"https:\/\/www.sil.com.co\/sil\/wp-json\/wp\/v2\/pages\/332"}],"collection":[{"href":"https:\/\/www.sil.com.co\/sil\/wp-json\/wp\/v2\/pages"}],"about":[{"href":"https:\/\/www.sil.com.co\/sil\/wp-json\/wp\/v2\/types\/page"}],"author":[{"embeddable":true,"href":"https:\/\/www.sil.com.co\/sil\/wp-json\/wp\/v2\/users\/1"}],"replies":[{"embeddable":true,"href":"https:\/\/www.sil.com.co\/sil\/wp-json\/wp\/v2\/comments?post=332"}],"version-history":[{"count":38,"href":"https:\/\/www.sil.com.co\/sil\/wp-json\/wp\/v2\/pages\/332\/revisions"}],"predecessor-version":[{"id":5177,"href":"https:\/\/www.sil.com.co\/sil\/wp-json\/wp\/v2\/pages\/332\/revisions\/5177"}],"wp:attachment":[{"href":"https:\/\/www.sil.com.co\/sil\/wp-json\/wp\/v2\/media?parent=332"}],"curies":[{"name":"wp","href":"https:\/\/api.w.org\/{rel}","templated":true}]}}