{"id":238,"date":"2017-06-30T00:42:09","date_gmt":"2017-06-30T05:42:09","guid":{"rendered":"http:\/\/www.sil.com.co\/sil\/?page_id=238"},"modified":"2023-05-24T20:40:22","modified_gmt":"2023-05-25T01:40:22","slug":"quienes-somos","status":"publish","type":"page","link":"https:\/\/www.sil.com.co\/sil\/quienes-somos\/","title":{"rendered":"Sobre nosotros"},"content":{"rendered":"<p>[et_pb_section fb_built=\u00bb1&#8243; custom_padding_last_edited=\u00bbon|desktop\u00bb disabled_on=\u00bbon|off|off\u00bb admin_label=\u00bbSecci\u00f3n\u00bb _builder_version=\u00bb4.21.0&#8243; custom_padding=\u00bb|||\u00bb custom_padding_tablet=\u00bb0px|0px|5px|0px\u00bb custom_padding_phone=\u00bb0px|||\u00bb hover_enabled=\u00bb0&#8243; global_module=\u00bb557&#8243; global_colors_info=\u00bb{}\u00bb background_enable_color=\u00bboff\u00bb border_width_top=\u00bb5px\u00bb border_color_top=\u00bb#ee7210&#8243; sticky_enabled=\u00bb0&#8243;][\/et_pb_section][et_pb_section fb_built=\u00bb1&#8243; admin_label=\u00bbSecci\u00f3n\u00bb _builder_version=\u00bb4.16&#8243; global_colors_info=\u00bb{}\u00bb][et_pb_row disabled_on=\u00bbon|off|off\u00bb admin_label=\u00bbFila\u00bb module_class=\u00bb et_pb_row_fullwidth\u00bb _builder_version=\u00bb4.16&#8243; background_color=\u00bb#f2f2f2&#8243; background_image=\u00bbhttps:\/\/www.sil.com.co\/sil\/wp-content\/uploads\/2017\/06\/back-CP.jpg\u00bb background_size=\u00bbinitial\u00bb background_position=\u00bbcenter_right\u00bb width=\u00bb100%\u00bb width_tablet=\u00bb100%\u00bb width_phone=\u00bb100%\u00bb width_last_edited=\u00bbon|desktop\u00bb max_width=\u00bb100%\u00bb max_width_tablet=\u00bb100%\u00bb max_width_phone=\u00bb100%\u00bb max_width_last_edited=\u00bbon|desktop\u00bb custom_margin=\u00bb|||\u00bb make_fullwidth=\u00bbon\u00bb global_colors_info=\u00bb{}\u00bb][et_pb_column type=\u00bb4_4&#8243; _builder_version=\u00bb4.16&#8243; background_position=\u00bbtop_left\u00bb custom_padding=\u00bb30px||30px|\u00bb global_colors_info=\u00bb{}\u00bb custom_padding__hover=\u00bb|||\u00bb][et_pb_text admin_label=\u00bbTexto\u00bb _builder_version=\u00bb4.16&#8243; global_colors_info=\u00bb{}\u00bb]<\/p>\n<h1 style=\"text-align: center;\">Nuestra empresa<\/h1>\n<p>[\/et_pb_text][\/et_pb_column][\/et_pb_row][et_pb_row column_structure=\u00bb2_3,1_3&#8243; admin_label=\u00bbrow\u00bb _builder_version=\u00bb4.16&#8243; custom_padding=\u00bb30px||30px|\u00bb global_colors_info=\u00bb{}\u00bb][et_pb_column type=\u00bb2_3&#8243; _builder_version=\u00bb4.16&#8243; custom_padding=\u00bb|||\u00bb global_colors_info=\u00bb{}\u00bb custom_padding__hover=\u00bb|||\u00bb][et_pb_text admin_label=\u00bbTexto\u00bb _builder_version=\u00bb4.21.0&#8243; global_colors_info=\u00bb{}\u00bb]<\/p>\n<h3>Quienes Somos<\/h3>\n<p style=\"text-align: justify;\">SOPORTE A LA INGENIERIA \u2013 SIL \u2013 inicia operaciones en 1993 en la ciudad de Cali con el objeto de realizar mantenimientos el\u00e9ctricos en el sector residencial. En 1999 SIL empieza a representar y distribuir los productos de General Electric (GE) para satisfacer las necesidades el\u00e9ctricas de la industria colombiana. A lo largo de los a\u00f1os, la capacidad de ingenier\u00eda del equipo humano de SIL ha permitido desarrollar proyectos el\u00e9ctricos en diversos sectores industriales como el azucarero, minero, petroqu\u00edmico y sider\u00fargico. Durante este tiempo, SIL ha expandido su portafolio de productos y marcas, facilitando el desarrollo de proyectos de modernizaci\u00f3n, expansi\u00f3n y reemplazo de equipos en baja y media tensi\u00f3n en empresas de energ\u00eda y de acueducto de varias ciudades del pa\u00eds.<\/p>\n<p>A su disposici\u00f3n est\u00e1 la experiencia de nuestro grupo de ingenier\u00eda para la correcta aplicaci\u00f3n y selecci\u00f3n de los productos que representamos, junto con la capacidad para dar servicio t\u00e9cnico de post-venta.<\/p>\n<p>[\/et_pb_text][\/et_pb_column][et_pb_column type=\u00bb1_3&#8243; _builder_version=\u00bb4.16&#8243; custom_padding=\u00bb|||\u00bb global_colors_info=\u00bb{}\u00bb custom_padding__hover=\u00bb|||\u00bb][et_pb_image src=\u00bbhttps:\/\/www.sil.com.co\/sil\/wp-content\/uploads\/2017\/07\/Sil_Tarjeta-A.jpg\u00bb align_tablet=\u00bbcenter\u00bb align_phone=\u00bbcenter\u00bb align_last_edited=\u00bbon|desktop\u00bb admin_label=\u00bbImagen\u00bb _builder_version=\u00bb4.16&#8243; max_width_tablet=\u00bb\u00bb max_width_phone=\u00bb\u00bb max_width_last_edited=\u00bbon|phone\u00bb custom_margin=\u00bb30px|||30px\u00bb animation_style=\u00bbslide\u00bb animation_direction=\u00bbleft\u00bb animation_duration=\u00bb500ms\u00bb animation_intensity_slide=\u00bb10%\u00bb border_width_all=\u00bb0px\u00bb border_color_all=\u00bb#ffffff\u00bb border_style_all=\u00bbsolid\u00bb use_border_color=\u00bbon\u00bb border_width=\u00bb0px\u00bb global_colors_info=\u00bb{}\u00bb][\/et_pb_image][et_pb_image align_tablet=\u00bbcenter\u00bb align_phone=\u00bbcenter\u00bb align_last_edited=\u00bbon|desktop\u00bb admin_label=\u00bbImagen\u00bb _builder_version=\u00bb4.16&#8243; animation_style=\u00bbslide\u00bb animation_direction=\u00bbleft\u00bb animation_duration=\u00bb500ms\u00bb animation_intensity_slide=\u00bb10%\u00bb global_colors_info=\u00bb{}\u00bb][\/et_pb_image][\/et_pb_column][\/et_pb_row][\/et_pb_section][et_pb_section fb_built=\u00bb1&#8243; admin_label=\u00bbsection\u00bb _builder_version=\u00bb4.16&#8243; background_color=\u00bb#f2f2f2&#8243; global_colors_info=\u00bb{}\u00bb][et_pb_row column_structure=\u00bb1_3,1_3,1_3&#8243; admin_label=\u00bbrow\u00bb _builder_version=\u00bb4.16&#8243; background_color=\u00bb#f2f2f2&#8243; custom_margin=\u00bb|||\u00bb global_colors_info=\u00bb{}\u00bb][et_pb_column type=\u00bb1_3&#8243; _builder_version=\u00bb4.16&#8243; custom_padding=\u00bb30px||30px|\u00bb global_colors_info=\u00bb{}\u00bb custom_padding__hover=\u00bb|||\u00bb][et_pb_text admin_label=\u00bbTexto\u00bb _builder_version=\u00bb4.16&#8243; custom_margin=\u00bb|30px||30px\u00bb global_colors_info=\u00bb{}\u00bb]<\/p>\n<h3>Misi&oacute;n<\/h3>\n<p>Comercializamos productos el&eacute;ctricos en la industria y el comercio en Colombia, brindando un servicio oportuno, eficaz y de alta calidad para lograr la confianza y credibilidad de nuestros clientes, garantizando as&iacute; la rentabilidad y el crecimiento sostenible de la organizaci&oacute;n.<\/p>\n<p>[\/et_pb_text][\/et_pb_column][et_pb_column type=\u00bb1_3&#8243; _builder_version=\u00bb4.16&#8243; custom_padding=\u00bb|||\u00bb global_colors_info=\u00bb{}\u00bb custom_padding__hover=\u00bb|||\u00bb][et_pb_text admin_label=\u00bbTexto\u00bb _builder_version=\u00bb4.16&#8243; custom_margin=\u00bb30px|30px||30px\u00bb global_colors_info=\u00bb{}\u00bb]<\/p>\n<h3>Vision<\/h3>\n<p>Perdurar como una empresa reconocida en la distribuci&oacute;n de productos el&eacute;ctricos industriales en Colombia, enfoc&aacute;ndonos en nuestros est&aacute;ndares de calidad, excelencia e innovaci&oacute;n en nuestros servicios.<\/p>\n<p>[\/et_pb_text][\/et_pb_column][et_pb_column type=\u00bb1_3&#8243; _builder_version=\u00bb4.16&#8243; custom_padding=\u00bb|||\u00bb global_colors_info=\u00bb{}\u00bb custom_padding__hover=\u00bb|||\u00bb][et_pb_text admin_label=\u00bbTexto\u00bb _builder_version=\u00bb4.16&#8243; custom_margin=\u00bb30px|30px||30px\u00bb global_colors_info=\u00bb{}\u00bb]<\/p>\n<h3>Valores<\/h3>\n<ul>\n<li>Respeto<\/li>\n<li>Responsabilidad<\/li>\n<li>Integridad<\/li>\n<\/ul>\n<p>[\/et_pb_text][\/et_pb_column][\/et_pb_row][\/et_pb_section]<\/p>\n","protected":false},"excerpt":{"rendered":"<p>Nuestra empresa Quienes Somos SOPORTE A LA INGENIERIA \u2013 SIL \u2013 inicia operaciones en 1993 en la ciudad de Cali con el objeto de realizar mantenimientos el\u00e9ctricos en el sector residencial. En 1999 SIL empieza a representar y distribuir los productos de General Electric (GE) para satisfacer las necesidades el\u00e9ctricas de la industria colombiana. A [&hellip;]<\/p>\n","protected":false},"author":1,"featured_media":0,"parent":0,"menu_order":0,"comment_status":"closed","ping_status":"closed","template":"","meta":{"_et_pb_use_builder":"on","_et_pb_old_content":"","_et_gb_content_width":"","_joinchat":[]},"_links":{"self":[{"href":"https:\/\/www.sil.com.co\/sil\/wp-json\/wp\/v2\/pages\/238"}],"collection":[{"href":"https:\/\/www.sil.com.co\/sil\/wp-json\/wp\/v2\/pages"}],"about":[{"href":"https:\/\/www.sil.com.co\/sil\/wp-json\/wp\/v2\/types\/page"}],"author":[{"embeddable":true,"href":"https:\/\/www.sil.com.co\/sil\/wp-json\/wp\/v2\/users\/1"}],"replies":[{"embeddable":true,"href":"https:\/\/www.sil.com.co\/sil\/wp-json\/wp\/v2\/comments?post=238"}],"version-history":[{"count":31,"href":"https:\/\/www.sil.com.co\/sil\/wp-json\/wp\/v2\/pages\/238\/revisions"}],"predecessor-version":[{"id":2630,"href":"https:\/\/www.sil.com.co\/sil\/wp-json\/wp\/v2\/pages\/238\/revisions\/2630"}],"wp:attachment":[{"href":"https:\/\/www.sil.com.co\/sil\/wp-json\/wp\/v2\/media?parent=238"}],"curies":[{"name":"wp","href":"https:\/\/api.w.org\/{rel}","templated":true}]}}